{"id":15,"date":"2017-07-12T00:36:14","date_gmt":"2017-07-11T22:36:14","guid":{"rendered":"http:\/\/www.voxi.at\/voxi\/?page_id=15"},"modified":"2025-10-11T23:45:53","modified_gmt":"2025-10-11T21:45:53","slug":"silvia","status":"publish","type":"page","link":"https:\/\/www.voxi.at\/voxi\/silvia\/","title":{"rendered":"Silvia"},"content":{"rendered":"<p><style>\n.entry-title { display:none; }<br \/><\/style>\n<\/p>\n<p style=\"text-align: center; font-family: Montez; font-size: 48px;\"><span style=\"color: #808080;\"><em>Hallo und willkommen!<\/em><\/span><\/p>\n<p style=\"text-align: center;\">Mein Name ist Silvia.<br>Ich bin begeisterte&#8230; Sonnenuntergang-Genie\u00dferin\u2026 Knipserin\u2026 Wandernde\u2026<br>Bastlerin\u2026 Reiselustige\u2026 <strong>Fotografin<\/strong>\u2026 Tante\u2026 Bilderst\u00f6bernde\u2026<br>Fotobearbeiterin\u2026 Neugeborenen-Fan\u2026 Lichtstimmung-Einfangerin\u2026<br>Klettersteigende\u2026 Romantikerin\u2026<\/p>\n<p style=\"text-align: center;\"><img loading=\"lazy\" decoding=\"async\" class=\"alignnone wp-image-1747 size-medium\" src=\"https:\/\/www.voxi.at\/voxi\/wp-content\/uploads\/2019\/04\/profilbild-interfoto-sw-500x500.jpg\" alt=\"\" width=\"500\" height=\"500\" srcset=\"https:\/\/www.voxi.at\/voxi\/wp-content\/uploads\/2019\/04\/profilbild-interfoto-sw-500x500.jpg 500w, https:\/\/www.voxi.at\/voxi\/wp-content\/uploads\/2019\/04\/profilbild-interfoto-sw-150x150.jpg 150w, https:\/\/www.voxi.at\/voxi\/wp-content\/uploads\/2019\/04\/profilbild-interfoto-sw.jpg 640w\" sizes=\"auto, (max-width: 500px) 100vw, 500px\" \/><\/p>\n<p style=\"text-align: center;\">Seit meiner Kindheit darf ich das <strong>sch\u00f6ne Weinviertel<\/strong> (in Nieder\u00f6sterreich) mein Zuhause nennen.<br>Ich fotografiere dich aber auch gerne in <strong>Wien<\/strong> oder&nbsp;in jedem anderen Bundesland.<br>Und ja,&nbsp;ich reise sehr&nbsp;gerne! Es w\u00e4re mir daher eine gro\u00dfe Freude,&nbsp;dich oder&nbsp;deine Hochzeit<br>an einem der <strong>vielen wundersch\u00f6nen Fleckchen auf diese Erde <\/strong>zu fotografieren.<\/p>\n<p style=\"text-align: center; font-family: Montez; font-size: 48px;\"><span style=\"color: #808080;\"><em>W<\/em><\/span><\/p>\n<p style=\"text-align: center;\"><strong><em>\u201eFotografiere niemals etwas, das dich nicht interessiert\u201c<\/em><\/strong><br>(Lisette Model, Fotografin)<\/p>\n<p style=\"text-align: center;\">&nbsp;Seit Jahren ist die Fotografie eine meiner liebsten Freizeitbesch\u00e4ftigungen und gleichzeitig die perfekte Erg\u00e4nzung zu meinen anderen Leidenschaften.<br>Ich liebe es zu reisen und&nbsp;viel Zeit in der <strong>Natur<\/strong> zu verbringen. An sch\u00f6nen H\u00fcgellandschaften, dramatischen Sonnenunterg\u00e4ngen am Wasser, beeindruckenden Bergkulissen oder einfach nur einem gelbleuchtenden Rapsfeld kann ich mich kaum sattsehen. Und weil ich so eine Freude daran habe, m\u00f6chte ich diese Eindr\u00fccke nicht nur in meinem Kopf abspeichern, sondern f\u00fcr die Ewigkeit festhalten bzw. auch mit anderen teilen.<\/p>\n<p style=\"text-align: center;\">Meine Leidenschaft zur <strong>Babyfotografie<\/strong> entdeckte ich dann erst 2010 mit der Geburt meiner ersten Nichte. Als Tante von mittlerweile&nbsp;zwei zuckers\u00fc\u00dfen M\u00e4dchen wei\u00df ich, wie schnell die ersten wundervollen Momente (und sp\u00e4ter auch Monate und Jahre) vergehen. Umso wichtiger ist es, viele Erinnerungen f\u00fcr die Ewigkeit festzuhalten.<\/p>\n<p style=\"text-align: center;\">Ein <strong>Neugeborenes<\/strong> zu fotografieren ist f\u00fcr mich das i-T\u00fcpfelchen der Babyfotografie. Es wird f\u00fcr mich immer etwas Einzigartiges, etwas unbeschreiblich Sch\u00f6nes sein. Ich liebe es, diese Makellosigkeit und Zerbrechlichkeit einzufangen \u2013 und vor allem diese sanfte Ruhe, die so ein s\u00fc\u00dfes schlafendes Wunder ausstrahlt. Sich in das kleine Wesen einzuf\u00fchlen, sich Zeit zu nehmen und den richtigen Moment abzuwarten, macht die Babyfotografie f\u00fcr mich zu etwas ganz Besonderem.<\/p>\n<p style=\"text-align: center; font-family: Montez; font-size: 48px;\"><span style=\"color: #808080;\"><em>W<\/em><\/span><\/p>\n<p style=\"text-align: center;\"><strong><em>\u201eTalent ist wichtiger als Technik\u201c<\/em><\/strong><br>(Andreas Feininger)<\/p>\n<p style=\"text-align: center;\">Wie hei\u00dft\u2019s so sch\u00f6n: Nicht die Kamera macht das Bild, sondern der Fotograf.&nbsp;Ich fotografiere nicht in hochtechnisierten&nbsp;Fotostudios \u2013 ich mag es viel lieber, vor Ort zu fotografieren, also <strong>\u201eechte\u201c Momente<\/strong> einzufangen. Ein gutes Auge und gutes Licht sind meines Erachtens die wesentlichsten Zutaten, die ein stimmiges Bild ausmachen.<br>In der Landschaftsfotografie ist das ohnehin nicht anders m\u00f6glich. Aber ich bin davon \u00fcberzeugt, auch bei Baby- oder Portraitshootings schaffen <strong>nat\u00fcrliches Licht<\/strong> im Freien viel authentischere und nat\u00fcrlichere Bilder. Gleiches gilt f\u00fcr die gewohnte Umgebung in den eigenen vier W\u00e4nden. Au\u00dferdem f\u00fchlen sich Baby und Eltern meines Erachtens zuhause oder in der Natur viel wohler als in einem Studio und alle Beteiligten k\u00f6nnen entspannt das Shooting genie\u00dfen.<\/p>\n<p style=\"text-align: center;\">Auch wenn es beim Fotografieren zu allererst um ein Gesp\u00fcr f\u00fcr Lichtstimmungen, Komposition und den richtigen Moment geht, spielt f\u00fcr mich auch \u201edas Danach\u201c eine entscheidende Rolle, damit das finale Bild stimmig wirkt. Die Post-Production, also die <strong>Bildbearbeitung am Computer<\/strong> nach einem Shooting, hat bei mir einen gro\u00dfen Stellenwert. Sie unterst\u00fctzt&nbsp;ganz wesentlich die Stimmung, die ich im Bild transportieren will, und gibt den letzten, alles entscheidenden Schliff \u2013 ganz egal ob es sich dabei um Landschaftsbilder, Baby-Fotografie oder Portraitaufnahmen handelt.<\/p>\n<p style=\"text-align: center; font-family: Montez; font-size: 48px;\"><em><span style=\"color: #808080;\">W<\/span><\/em><\/p>\n<p style=\"text-align: center;\">Ich hoffe, auch euch bald kennenlernen zu d\u00fcrfen!<\/p>\n<p style=\"text-align: center;\">Bis bald und alles Liebe<\/p>\n<p style=\"text-align: center; font-family: Montez; font-size: 48px;\"><span style=\"color: #808080; font-size: 36px;\"><em>Eure Silvia<\/em><\/span><\/p>\n<p><\/p>\n<p>Mein Equipment:<\/p>\n<p><\/p>\n<p><u>Meine Kameras:<\/u><\/p>\n<p>Kamera (Vollformat) 5D: <a href=\"https:\/\/amzn.to\/2YYVA1a\">https:\/\/amzn.to\/2YYVA1a<\/a><\/p>\n<p>Zweitkamera 77D: <a href=\"https:\/\/amzn.to\/39YB6vS\">https:\/\/amzn.to\/39YB6vS<\/a><\/p>\n<p>Kleine Kamera G9Xii: <a href=\"https:\/\/amzn.to\/3txpyaG\">https:\/\/amzn.to\/3txpyaG<\/a><\/p>\n<p>Action-Cam Hero9: <a href=\"https:\/\/amzn.to\/3q2lxJj\">https:\/\/amzn.to\/3q2lxJj<\/a><\/p>\n<p>Alte Ersatzkamera: <a href=\"https:\/\/amzn.to\/2MLbqds\">https:\/\/amzn.to\/2MLbqds<\/a><\/p>\n<p><\/p>\n<p><u>Meine Objektive:<\/u><\/p>\n<p>50er: <a href=\"https:\/\/amzn.to\/2N529g3\">https:\/\/amzn.to\/2N529g3<\/a><\/p>\n<p>50er: <a href=\"https:\/\/amzn.to\/2MPeVzr\">https:\/\/amzn.to\/2MPeVzr<\/a><\/p>\n<p>24-70: <a href=\"https:\/\/amzn.to\/2MCiUj1\">https:\/\/amzn.to\/2MCiUj1<\/a><\/p>\n<p>70-200: <a href=\"https:\/\/amzn.to\/3tDcwbQ\">https:\/\/amzn.to\/3tDcwbQ<\/a><\/p>\n<p>100 Makro: <a href=\"https:\/\/amzn.to\/3aKk8Av\">https:\/\/amzn.to\/3aKk8Av<\/a><\/p>\n<p><\/p>\n<p><u>Speicherkarten<\/u>:<\/p>\n<p>SD-Cards: <a href=\"https:\/\/amzn.to\/3p1M8EM\">https:\/\/amzn.to\/3p1M8EM<\/a><\/p>\n<p>CF-Cards: <a href=\"https:\/\/amzn.to\/3a2HC4Z\">https:\/\/amzn.to\/3a2HC4Z<\/a><\/p>\n<p>etc.<\/p>\n<p><\/p>\n<p><u>Fotobearbeitung<\/u>:<\/p>\n<p>Laptop: <a href=\"https:\/\/amzn.to\/3q2VMbR\">https:\/\/amzn.to\/3q2VMbR<\/a><\/p>\n<p>NAS: <a href=\"https:\/\/amzn.to\/3oZysdB\">https:\/\/amzn.to\/3oZysdB<\/a><\/p>\n<p>Bildschirm: <a href=\"https:\/\/amzn.to\/39YSyQN\">https:\/\/amzn.to\/39YSyQN<\/a><\/p>\n<p>Grafiktablet: <a href=\"https:\/\/amzn.to\/3tyg8vL\">https:\/\/amzn.to\/3tyg8vL<\/a><\/p>\n<p>Tablet-PC: <a href=\"https:\/\/amzn.to\/3tDpvdx\">https:\/\/amzn.to\/3tDpvdx<\/a><\/p>\n<p>Diverse Software, etc.<\/p>\n<p><\/p>\n<p><u>Blitze<\/u>:<\/p>\n<p>Studioblitz: <a href=\"https:\/\/amzn.to\/2YTR4kK\">https:\/\/amzn.to\/2YTR4kK<\/a><\/p>\n<p>180er Schirm: <a href=\"https:\/\/amzn.to\/37bH2QD\">https:\/\/amzn.to\/37bH2QD<\/a><\/p>\n<p>Aufsteckblitz: <a href=\"https:\/\/amzn.to\/36TMnvr\">https:\/\/amzn.to\/36TMnvr<\/a><\/p>\n<p>Ringlicht, Video-LED, diverse Blitzstative, diverse Reflektoren, etc.<\/p>\n<p><\/p>\n<p>H\u00fcftgurt: <a href=\"https:\/\/amzn.to\/36UDu50\">https:\/\/amzn.to\/36UDu50<\/a><\/p>\n<p>diverse Kamerastative, etc.<\/p>\n\n\n<p><\/p>\n","protected":false},"excerpt":{"rendered":"<p>Hallo und willkommen! Mein Name ist Silvia.Ich bin begeisterte&#8230; Sonnenuntergang-Genie\u00dferin\u2026 Knipserin\u2026 Wandernde\u2026Bastlerin\u2026 Reiselustige\u2026 Fotografin\u2026 Tante\u2026 Bilderst\u00f6bernde\u2026Fotobearbeiterin\u2026 Neugeborenen-Fan\u2026 Lichtstimmung-Einfangerin\u2026Klettersteigende\u2026 Romantikerin\u2026 Seit meiner Kindheit darf ich das sch\u00f6ne Weinviertel (in Nieder\u00f6sterreich) mein Zuhause nennen.Ich fotografiere dich aber auch gerne in Wien oder&nbsp;in jedem anderen Bundesland.Und ja,&nbsp;ich reise sehr&nbsp;gerne! Es w\u00e4re mir daher eine gro\u00dfe Freude,&nbsp;dich oder&nbsp;deine Hochzeitan [&hellip;]<\/p>\n","protected":false},"author":1,"featured_media":0,"parent":0,"menu_order":0,"comment_status":"closed","ping_status":"closed","template":"","meta":{"footnotes":""},"class_list":["post-15","page","type-page","status-publish"],"_links":{"self":[{"href":"https:\/\/www.voxi.at\/voxi\/wp-json\/wp\/v2\/pages\/15","targetHints":{"allow":["GET"]}}],"collection":[{"href":"https:\/\/www.voxi.at\/voxi\/wp-json\/wp\/v2\/pages"}],"about":[{"href":"https:\/\/www.voxi.at\/voxi\/wp-json\/wp\/v2\/types\/page"}],"author":[{"embeddable":true,"href":"https:\/\/www.voxi.at\/voxi\/wp-json\/wp\/v2\/users\/1"}],"replies":[{"embeddable":true,"href":"https:\/\/www.voxi.at\/voxi\/wp-json\/wp\/v2\/comments?post=15"}],"version-history":[{"count":67,"href":"https:\/\/www.voxi.at\/voxi\/wp-json\/wp\/v2\/pages\/15\/revisions"}],"predecessor-version":[{"id":6619,"href":"https:\/\/www.voxi.at\/voxi\/wp-json\/wp\/v2\/pages\/15\/revisions\/6619"}],"wp:attachment":[{"href":"https:\/\/www.voxi.at\/voxi\/wp-json\/wp\/v2\/media?parent=15"}],"curies":[{"name":"wp","href":"https:\/\/api.w.org\/{rel}","templated":true}]}}