{"id":3153,"date":"2020-06-10T19:03:56","date_gmt":"2020-06-10T17:03:56","guid":{"rendered":"http:\/\/www.voxi.at\/voxi\/?page_id=3153"},"modified":"2021-09-23T09:48:00","modified_gmt":"2021-09-23T07:48:00","slug":"firmen","status":"publish","type":"page","link":"https:\/\/www.voxi.at\/voxi\/firmen\/","title":{"rendered":"Portfolio: Fotografie f\u00fcr Unternehmen in Wien \/ N\u00d6 &#8211; Bilder f\u00fcr Ihren Firmenauftritt"},"content":{"rendered":"\n<h1 class=\"wp-block-heading\">B2B Fotografie f\u00fcr Unternehmen <br>in Wien und N\u00d6<\/h1>\n\n\n\n<h5 class=\"wp-block-heading\">Bilder f\u00fcr Ihren Firmenauftritt, Businessportraits und Mitarbeiterfotos <\/h5>\n\n\n\n<ul class=\"wp-block-list\"><li>Wollen Sie Ihren <strong>Gesch\u00e4ftsf\u00fchrer<\/strong> ausdrucksstark in Szene setzen und ben\u00f6tigen Sie <strong>&#8220;on location&#8221; Business Portraits<\/strong> f\u00fcr Ihre Homepage?<\/li><li>Ben\u00f6tigen Sie professionelle Portraitbilder Ihrer Mitarbeiter?<\/li><li>Wollen Sie Ihren Kunden Ihr gesamtes <strong>Mitarbeiterteam<\/strong> vorstellen und ein vertrauensvolles Image erzeugen?<\/li><li>Oder planen Sie als junges Startup Unternehmen einen <strong>kompletten Firmenauftritt<\/strong> zu gestalten und ben\u00f6tigen eine Basisausstattung an Bildern (von Ihrem Unternehmen, ihren Mitarbeitern und Produkten &amp; Services), die sie f\u00fcr die Gestaltung Ihrer Webseite, Flyer und Aussendungen nutzen k\u00f6nnen?<\/li><\/ul>\n\n\n\n<p>Dann sind Sie bei mir richtig!<\/p>\n\n\n\n<p><strong>Online Referenzen: <br><\/strong><a href=\"https:\/\/psychotherapie-blachowsky.at\/\" target=\"_blank\" rel=\"noreferrer noopener\">https:\/\/psychotherapie-blachowsky.at\/<\/a> (Fotos)<br><a href=\"http:\/\/www.ruff.co.at\/\" target=\"_blank\" rel=\"noreferrer noopener\">http:\/\/www.ruff.co.at\/<\/a> (Website und Fotos)<br><a href=\"https:\/\/www.dr-s-haller.at\/\" target=\"_blank\" rel=\"noreferrer noopener\">https:\/\/www.dr-s-haller.at\/<\/a> (Fotos)<br><\/p>\n\n\n<style>.wp-block-kadence-advancedgallery .kb-gallery-type-masonry.kb-gallery-id-_dcd032-63{margin:-5px;}.kb-gallery-type-masonry.kb-gallery-id-_dcd032-63 .kadence-blocks-gallery-item{padding:5px;}.kb-gallery-id-_dcd032-63 .kadence-blocks-gallery-item .kb-gal-image-radius, .kb-gallery-id-_dcd032-63 .kb-slide-item .kb-gal-image-radius img{border-radius:0px 0px 0px 0px;;}<\/style><div class=\"kb-gallery-wrap-id-_dcd032-63 alignnone wp-block-kadence-advancedgallery\"><ul class=\"kb-gallery-ul kb-gallery-non-static kb-gallery-type-masonry kb-masonry-init kb-gallery-id-_dcd032-63 kb-gallery-caption-style-bottom-hover kb-gallery-filter-none\" data-image-filter=\"none\" data-item-selector=\".kadence-blocks-gallery-item\" data-lightbox-caption=\"true\" data-columns-xxl=\"2\" data-columns-xl=\"2\" data-columns-md=\"2\" data-columns-sm=\"2\" data-columns-xs=\"1\" data-columns-ss=\"1\"><li class=\"kadence-blocks-gallery-item\" tabindex=\"0\"><div class=\"kadence-blocks-gallery-item-inner\"><figure class=\"kb-gallery-figure kadence-blocks-gallery-item-hide-caption\"><div class=\"kb-gal-image-radius\" style=\"max-width:640px;\"><div class=\"kb-gallery-image-contain kadence-blocks-gallery-intrinsic\" style=\"padding-bottom:150%;\"><img loading=\"lazy\" decoding=\"async\" src=\"https:\/\/www.voxi.at\/voxi\/wp-content\/uploads\/2019\/07\/190704_191752BipiBusiness5D0338print.jpg\" width=\"640\" height=\"960\" alt=\"\" data-full-image=\"https:\/\/www.voxi.at\/voxi\/wp-content\/uploads\/2019\/07\/190704_191752BipiBusiness5D0338print.jpg\" data-light-image=\"https:\/\/www.voxi.at\/voxi\/wp-content\/uploads\/2019\/07\/190704_191752BipiBusiness5D0338print.jpg\" data-id=\"2134\" class=\"wp-image-2134\" srcset=\"https:\/\/www.voxi.at\/voxi\/wp-content\/uploads\/2019\/07\/190704_191752BipiBusiness5D0338print.jpg 640w, https:\/\/www.voxi.at\/voxi\/wp-content\/uploads\/2019\/07\/190704_191752BipiBusiness5D0338print-500x750.jpg 500w\" sizes=\"auto, (max-width: 640px) 100vw, 640px\" \/><\/div><\/div><\/figure><\/div><\/li><li class=\"kadence-blocks-gallery-item\" tabindex=\"0\"><div class=\"kadence-blocks-gallery-item-inner\"><figure class=\"kb-gallery-figure kadence-blocks-gallery-item-hide-caption\"><div class=\"kb-gal-image-radius\" style=\"max-width:640px;\"><div class=\"kb-gallery-image-contain kadence-blocks-gallery-intrinsic\" style=\"padding-bottom:66%;\"><img loading=\"lazy\" decoding=\"async\" src=\"https:\/\/www.voxi.at\/voxi\/wp-content\/uploads\/2019\/07\/190704_190037190704BipiBusiness5D0173print-1.jpg\" width=\"640\" height=\"427\" alt=\"\" data-full-image=\"https:\/\/www.voxi.at\/voxi\/wp-content\/uploads\/2019\/07\/190704_190037190704BipiBusiness5D0173print-1.jpg\" data-light-image=\"https:\/\/www.voxi.at\/voxi\/wp-content\/uploads\/2019\/07\/190704_190037190704BipiBusiness5D0173print-1.jpg\" data-id=\"2230\" class=\"wp-image-2230\" srcset=\"https:\/\/www.voxi.at\/voxi\/wp-content\/uploads\/2019\/07\/190704_190037190704BipiBusiness5D0173print-1.jpg 640w, https:\/\/www.voxi.at\/voxi\/wp-content\/uploads\/2019\/07\/190704_190037190704BipiBusiness5D0173print-1-500x334.jpg 500w\" sizes=\"auto, (max-width: 640px) 100vw, 640px\" \/><\/div><\/div><\/figure><\/div><\/li><li class=\"kadence-blocks-gallery-item\" tabindex=\"0\"><div class=\"kadence-blocks-gallery-item-inner\"><figure class=\"kb-gallery-figure kadence-blocks-gallery-item-hide-caption\"><div class=\"kb-gal-image-radius\" style=\"max-width:640px;\"><div class=\"kb-gallery-image-contain kadence-blocks-gallery-intrinsic\" style=\"padding-bottom:66%;\"><img loading=\"lazy\" decoding=\"async\" src=\"https:\/\/www.voxi.at\/voxi\/wp-content\/uploads\/2019\/07\/190704_185856190704BipiBusiness5D0163print.jpg\" width=\"640\" height=\"427\" alt=\"\" data-full-image=\"https:\/\/www.voxi.at\/voxi\/wp-content\/uploads\/2019\/07\/190704_185856190704BipiBusiness5D0163print.jpg\" data-light-image=\"https:\/\/www.voxi.at\/voxi\/wp-content\/uploads\/2019\/07\/190704_185856190704BipiBusiness5D0163print.jpg\" data-id=\"2136\" class=\"wp-image-2136\" srcset=\"https:\/\/www.voxi.at\/voxi\/wp-content\/uploads\/2019\/07\/190704_185856190704BipiBusiness5D0163print.jpg 640w, https:\/\/www.voxi.at\/voxi\/wp-content\/uploads\/2019\/07\/190704_185856190704BipiBusiness5D0163print-500x334.jpg 500w\" sizes=\"auto, (max-width: 640px) 100vw, 640px\" \/><\/div><\/div><\/figure><\/div><\/li><li class=\"kadence-blocks-gallery-item\" tabindex=\"0\"><div class=\"kadence-blocks-gallery-item-inner\"><figure class=\"kb-gallery-figure kadence-blocks-gallery-item-hide-caption\"><div class=\"kb-gal-image-radius\" style=\"max-width:640px;\"><div class=\"kb-gallery-image-contain kadence-blocks-gallery-intrinsic\" style=\"padding-bottom:66%;\"><img loading=\"lazy\" decoding=\"async\" src=\"https:\/\/www.voxi.at\/voxi\/wp-content\/uploads\/2019\/07\/190704_193704BipiBusiness5D0448print.jpg\" width=\"640\" height=\"427\" alt=\"\" data-full-image=\"https:\/\/www.voxi.at\/voxi\/wp-content\/uploads\/2019\/07\/190704_193704BipiBusiness5D0448print.jpg\" data-light-image=\"https:\/\/www.voxi.at\/voxi\/wp-content\/uploads\/2019\/07\/190704_193704BipiBusiness5D0448print.jpg\" data-id=\"2135\" class=\"wp-image-2135\" srcset=\"https:\/\/www.voxi.at\/voxi\/wp-content\/uploads\/2019\/07\/190704_193704BipiBusiness5D0448print.jpg 640w, https:\/\/www.voxi.at\/voxi\/wp-content\/uploads\/2019\/07\/190704_193704BipiBusiness5D0448print-500x334.jpg 500w\" sizes=\"auto, (max-width: 640px) 100vw, 640px\" \/><\/div><\/div><\/figure><\/div><\/li><li class=\"kadence-blocks-gallery-item\" tabindex=\"0\"><div class=\"kadence-blocks-gallery-item-inner\"><figure class=\"kb-gallery-figure kadence-blocks-gallery-item-hide-caption\"><div class=\"kb-gal-image-radius\" style=\"max-width:1000px;\"><div class=\"kb-gallery-image-contain kadence-blocks-gallery-intrinsic\" style=\"padding-bottom:133%;\"><img loading=\"lazy\" decoding=\"async\" src=\"https:\/\/www.voxi.at\/voxi\/wp-content\/uploads\/2019\/09\/200112_121518_SusiBlachowsky_0206_print-1000x1333.jpg\" width=\"1000\" height=\"1333\" alt=\"\" data-full-image=\"https:\/\/www.voxi.at\/voxi\/wp-content\/uploads\/2019\/09\/200112_121518_SusiBlachowsky_0206_print-scaled.jpg\" data-light-image=\"https:\/\/www.voxi.at\/voxi\/wp-content\/uploads\/2019\/09\/200112_121518_SusiBlachowsky_0206_print-scaled.jpg\" data-id=\"3507\" class=\"wp-image-3507\" srcset=\"https:\/\/www.voxi.at\/voxi\/wp-content\/uploads\/2019\/09\/200112_121518_SusiBlachowsky_0206_print-1000x1333.jpg 1000w, https:\/\/www.voxi.at\/voxi\/wp-content\/uploads\/2019\/09\/200112_121518_SusiBlachowsky_0206_print-500x667.jpg 500w, https:\/\/www.voxi.at\/voxi\/wp-content\/uploads\/2019\/09\/200112_121518_SusiBlachowsky_0206_print-768x1024.jpg 768w, https:\/\/www.voxi.at\/voxi\/wp-content\/uploads\/2019\/09\/200112_121518_SusiBlachowsky_0206_print-1152x1536.jpg 1152w, https:\/\/www.voxi.at\/voxi\/wp-content\/uploads\/2019\/09\/200112_121518_SusiBlachowsky_0206_print-1536x2048.jpg 1536w, https:\/\/www.voxi.at\/voxi\/wp-content\/uploads\/2019\/09\/200112_121518_SusiBlachowsky_0206_print-scaled-720x960.jpg 720w, https:\/\/www.voxi.at\/voxi\/wp-content\/uploads\/2019\/09\/200112_121518_SusiBlachowsky_0206_print-scaled-780x1040.jpg 780w, https:\/\/www.voxi.at\/voxi\/wp-content\/uploads\/2019\/09\/200112_121518_SusiBlachowsky_0206_print-scaled-1163x1550.jpg 1163w, https:\/\/www.voxi.at\/voxi\/wp-content\/uploads\/2019\/09\/200112_121518_SusiBlachowsky_0206_print-scaled-525x700.jpg 525w, https:\/\/www.voxi.at\/voxi\/wp-content\/uploads\/2019\/09\/200112_121518_SusiBlachowsky_0206_print-scaled.jpg 1800w\" sizes=\"auto, (max-width: 1000px) 100vw, 1000px\" \/><\/div><\/div><\/figure><\/div><\/li><li class=\"kadence-blocks-gallery-item\" tabindex=\"0\"><div class=\"kadence-blocks-gallery-item-inner\"><figure class=\"kb-gallery-figure kadence-blocks-gallery-item-hide-caption\"><div class=\"kb-gal-image-radius\" style=\"max-width:768px;\"><div class=\"kb-gallery-image-contain kadence-blocks-gallery-intrinsic\" style=\"padding-bottom:133%;\"><img loading=\"lazy\" decoding=\"async\" src=\"https:\/\/www.voxi.at\/voxi\/wp-content\/uploads\/2021\/09\/SusiTraumafokus-768x1024-1.jpg\" width=\"768\" height=\"1024\" alt=\"\" data-full-image=\"https:\/\/www.voxi.at\/voxi\/wp-content\/uploads\/2021\/09\/SusiTraumafokus-768x1024-1.jpg\" data-light-image=\"https:\/\/www.voxi.at\/voxi\/wp-content\/uploads\/2021\/09\/SusiTraumafokus-768x1024-1.jpg\" data-id=\"6501\" class=\"wp-image-6501\" srcset=\"https:\/\/www.voxi.at\/voxi\/wp-content\/uploads\/2021\/09\/SusiTraumafokus-768x1024-1.jpg 768w, https:\/\/www.voxi.at\/voxi\/wp-content\/uploads\/2021\/09\/SusiTraumafokus-768x1024-1-500x667.jpg 500w\" sizes=\"auto, (max-width: 768px) 100vw, 768px\" \/><\/div><\/div><\/figure><\/div><\/li><li class=\"kadence-blocks-gallery-item\" tabindex=\"0\"><div class=\"kadence-blocks-gallery-item-inner\"><figure class=\"kb-gallery-figure kadence-blocks-gallery-item-hide-caption\"><div class=\"kb-gal-image-radius\" style=\"max-width:1000px;\"><div class=\"kb-gallery-image-contain kadence-blocks-gallery-intrinsic\" style=\"padding-bottom:133%;\"><img loading=\"lazy\" decoding=\"async\" src=\"https:\/\/www.voxi.at\/voxi\/wp-content\/uploads\/2021\/09\/SusiPortrait-scaled-1-1000x1333.jpg\" width=\"1000\" height=\"1333\" alt=\"\" data-full-image=\"https:\/\/www.voxi.at\/voxi\/wp-content\/uploads\/2021\/09\/SusiPortrait-scaled-1.jpg\" data-light-image=\"https:\/\/www.voxi.at\/voxi\/wp-content\/uploads\/2021\/09\/SusiPortrait-scaled-1.jpg\" data-id=\"6499\" class=\"wp-image-6499\" srcset=\"https:\/\/www.voxi.at\/voxi\/wp-content\/uploads\/2021\/09\/SusiPortrait-scaled-1-1000x1333.jpg 1000w, https:\/\/www.voxi.at\/voxi\/wp-content\/uploads\/2021\/09\/SusiPortrait-scaled-1-500x667.jpg 500w, https:\/\/www.voxi.at\/voxi\/wp-content\/uploads\/2021\/09\/SusiPortrait-scaled-1-768x1024.jpg 768w, https:\/\/www.voxi.at\/voxi\/wp-content\/uploads\/2021\/09\/SusiPortrait-scaled-1-1152x1536.jpg 1152w, https:\/\/www.voxi.at\/voxi\/wp-content\/uploads\/2021\/09\/SusiPortrait-scaled-1-1536x2048.jpg 1536w, https:\/\/www.voxi.at\/voxi\/wp-content\/uploads\/2021\/09\/SusiPortrait-scaled-1.jpg 1920w\" sizes=\"auto, (max-width: 1000px) 100vw, 1000px\" \/><\/div><\/div><\/figure><\/div><\/li><li class=\"kadence-blocks-gallery-item\" tabindex=\"0\"><div class=\"kadence-blocks-gallery-item-inner\"><figure class=\"kb-gallery-figure kadence-blocks-gallery-item-hide-caption\"><div class=\"kb-gal-image-radius\" style=\"max-width:768px;\"><div class=\"kb-gallery-image-contain kadence-blocks-gallery-intrinsic\" style=\"padding-bottom:133%;\"><img loading=\"lazy\" decoding=\"async\" src=\"https:\/\/www.voxi.at\/voxi\/wp-content\/uploads\/2021\/09\/SusiKindertherapie-768x1024-1.jpg\" width=\"768\" height=\"1024\" alt=\"\" data-full-image=\"https:\/\/www.voxi.at\/voxi\/wp-content\/uploads\/2021\/09\/SusiKindertherapie-768x1024-1.jpg\" data-light-image=\"https:\/\/www.voxi.at\/voxi\/wp-content\/uploads\/2021\/09\/SusiKindertherapie-768x1024-1.jpg\" data-id=\"6497\" class=\"wp-image-6497\" srcset=\"https:\/\/www.voxi.at\/voxi\/wp-content\/uploads\/2021\/09\/SusiKindertherapie-768x1024-1.jpg 768w, https:\/\/www.voxi.at\/voxi\/wp-content\/uploads\/2021\/09\/SusiKindertherapie-768x1024-1-500x667.jpg 500w\" sizes=\"auto, (max-width: 768px) 100vw, 768px\" \/><\/div><\/div><\/figure><\/div><\/li><li class=\"kadence-blocks-gallery-item\" tabindex=\"0\"><div class=\"kadence-blocks-gallery-item-inner\"><figure class=\"kb-gallery-figure kadence-blocks-gallery-item-hide-caption\"><div class=\"kb-gal-image-radius\" style=\"max-width:768px;\"><div class=\"kb-gallery-image-contain kadence-blocks-gallery-intrinsic\" style=\"padding-bottom:133%;\"><img loading=\"lazy\" decoding=\"async\" src=\"https:\/\/www.voxi.at\/voxi\/wp-content\/uploads\/2021\/09\/SusiFoto-Lebenslauf-768x1024-1.jpg\" width=\"768\" height=\"1024\" alt=\"\" data-full-image=\"https:\/\/www.voxi.at\/voxi\/wp-content\/uploads\/2021\/09\/SusiFoto-Lebenslauf-768x1024-1.jpg\" data-light-image=\"https:\/\/www.voxi.at\/voxi\/wp-content\/uploads\/2021\/09\/SusiFoto-Lebenslauf-768x1024-1.jpg\" data-id=\"6495\" class=\"wp-image-6495\" srcset=\"https:\/\/www.voxi.at\/voxi\/wp-content\/uploads\/2021\/09\/SusiFoto-Lebenslauf-768x1024-1.jpg 768w, https:\/\/www.voxi.at\/voxi\/wp-content\/uploads\/2021\/09\/SusiFoto-Lebenslauf-768x1024-1-500x667.jpg 500w\" sizes=\"auto, (max-width: 768px) 100vw, 768px\" \/><\/div><\/div><\/figure><\/div><\/li><\/ul><\/div>","protected":false},"excerpt":{"rendered":"<p>B2B Fotografie f\u00fcr Unternehmen in Wien und N\u00d6 Bilder f\u00fcr Ihren Firmenauftritt, Businessportraits und Mitarbeiterfotos Wollen Sie Ihren Gesch\u00e4ftsf\u00fchrer ausdrucksstark in Szene setzen und ben\u00f6tigen Sie &#8220;on location&#8221; Business Portraits f\u00fcr Ihre Homepage? Ben\u00f6tigen Sie professionelle Portraitbilder Ihrer Mitarbeiter? Wollen Sie Ihren Kunden Ihr gesamtes Mitarbeiterteam vorstellen und ein vertrauensvolles Image erzeugen? Oder planen Sie [&hellip;]<\/p>\n","protected":false},"author":1,"featured_media":0,"parent":0,"menu_order":0,"comment_status":"closed","ping_status":"closed","template":"","meta":{"footnotes":""},"class_list":["post-3153","page","type-page","status-publish"],"_links":{"self":[{"href":"https:\/\/www.voxi.at\/voxi\/wp-json\/wp\/v2\/pages\/3153","targetHints":{"allow":["GET"]}}],"collection":[{"href":"https:\/\/www.voxi.at\/voxi\/wp-json\/wp\/v2\/pages"}],"about":[{"href":"https:\/\/www.voxi.at\/voxi\/wp-json\/wp\/v2\/types\/page"}],"author":[{"embeddable":true,"href":"https:\/\/www.voxi.at\/voxi\/wp-json\/wp\/v2\/users\/1"}],"replies":[{"embeddable":true,"href":"https:\/\/www.voxi.at\/voxi\/wp-json\/wp\/v2\/comments?post=3153"}],"version-history":[{"count":23,"href":"https:\/\/www.voxi.at\/voxi\/wp-json\/wp\/v2\/pages\/3153\/revisions"}],"predecessor-version":[{"id":6505,"href":"https:\/\/www.voxi.at\/voxi\/wp-json\/wp\/v2\/pages\/3153\/revisions\/6505"}],"wp:attachment":[{"href":"https:\/\/www.voxi.at\/voxi\/wp-json\/wp\/v2\/media?parent=3153"}],"curies":[{"name":"wp","href":"https:\/\/api.w.org\/{rel}","templated":true}]}}