{"id":4817,"date":"2020-09-01T17:30:13","date_gmt":"2020-09-01T15:30:13","guid":{"rendered":"http:\/\/www.voxi.at\/voxi\/?page_id=4817"},"modified":"2021-03-24T12:30:13","modified_gmt":"2021-03-24T10:30:13","slug":"singles","status":"publish","type":"page","link":"https:\/\/www.voxi.at\/voxi\/singles\/","title":{"rendered":"Portfolio: Fotoshooting f\u00fcr SINGLES in Wien \/ N\u00d6 &#8211; Bilder f\u00fcr Partnerb\u00f6rsen"},"content":{"rendered":"","protected":false},"excerpt":{"rendered":"","protected":false},"author":1,"featured_media":3523,"parent":0,"menu_order":0,"comment_status":"closed","ping_status":"closed","template":"","meta":{"footnotes":""},"class_list":["post-4817","page","type-page","status-publish","has-post-thumbnail"],"_links":{"self":[{"href":"https:\/\/www.voxi.at\/voxi\/wp-json\/wp\/v2\/pages\/4817","targetHints":{"allow":["GET"]}}],"collection":[{"href":"https:\/\/www.voxi.at\/voxi\/wp-json\/wp\/v2\/pages"}],"about":[{"href":"https:\/\/www.voxi.at\/voxi\/wp-json\/wp\/v2\/types\/page"}],"author":[{"embeddable":true,"href":"https:\/\/www.voxi.at\/voxi\/wp-json\/wp\/v2\/users\/1"}],"replies":[{"embeddable":true,"href":"https:\/\/www.voxi.at\/voxi\/wp-json\/wp\/v2\/comments?post=4817"}],"version-history":[{"count":20,"href":"https:\/\/www.voxi.at\/voxi\/wp-json\/wp\/v2\/pages\/4817\/revisions"}],"predecessor-version":[{"id":5411,"href":"https:\/\/www.voxi.at\/voxi\/wp-json\/wp\/v2\/pages\/4817\/revisions\/5411"}],"wp:featuredmedia":[{"embeddable":true,"href":"https:\/\/www.voxi.at\/voxi\/wp-json\/wp\/v2\/media\/3523"}],"wp:attachment":[{"href":"https:\/\/www.voxi.at\/voxi\/wp-json\/wp\/v2\/media?parent=4817"}],"curies":[{"name":"wp","href":"https:\/\/api.w.org\/{rel}","templated":true}]}}